{"id":175,"date":"2014-02-28T10:25:01","date_gmt":"2014-02-28T10:25:01","guid":{"rendered":"http:\/\/188.166.192.58\/?page_id=175"},"modified":"2017-08-10T15:02:24","modified_gmt":"2017-08-10T13:02:24","slug":"zentraler-dienst","status":"publish","type":"page","link":"https:\/\/www.barcode-ocr.com\/de\/funktionen\/zentraler-dienst\/","title":{"rendered":"Zentraler Dienst"},"content":{"rendered":"<p>[et_pb_section bb_built=&#8220;1&#8243; admin_label=&#8220;section&#8220; fullwidth=&#8220;on&#8220; background_color=&#8220;#62aeda&#8220; inner_shadow=&#8220;off&#8220; parallax=&#8220;on&#8220;][et_pb_fullwidth_header admin_label=&#8220;Fullwidth Header&#8220; title=&#8220;Funktionen&#8220; subhead=&#8220;Eine \u00dcbersicht der wichtigsten Funktionen von BarcodeOCR&#8220; background_layout=&#8220;dark&#8220; text_orientation=&#8220;left&#8220; \/][\/et_pb_section][et_pb_section bb_built=&#8220;1&#8243; admin_label=&#8220;Section&#8220; fullwidth=&#8220;off&#8220; specialty=&#8220;on&#8220; template_type=&#8220;&#8220;][et_pb_column type=&#8220;3_4&#8243; specialty_columns=&#8220;3&#8243;][et_pb_row_inner admin_label=&#8220;Row&#8220;][et_pb_column_inner type=&#8220;4_4&#8243; saved_specialty_column_type=&#8220;3_4&#8243;][et_pb_text admin_label=&#8220;Einleitungstext&#8220; background_layout=&#8220;light&#8220; text_orientation=&#8220;left&#8220; use_border_color=&#8220;off&#8220; border_color=&#8220;#ffffff&#8220; border_style=&#8220;solid&#8220;]<\/p>\n<h2>Zentraler Dienst. Verarbeitung an einem Ort.<\/h2>\n<p>BarcodeOCR besteht aus zwei Teilen, der Benutzeroberfl\u00e4che<strong>\u00a0um Konfigurationen zu erstellen<\/strong>\u00a0und\u00a0den Status einzusehen, sowie\u00a0aus einem\u00a0<strong>Systemdienst<\/strong>.<\/p>\n<p>Der Systemdienst<strong>\u00a0l\u00e4uft im Hintergrund<\/strong>\u00a0auf einem beliebigen Computer oder Server in Ihrem Netzwerk und ben\u00f6tigt<strong>\u00a0keine Benutzereingaben<\/strong>\u00a0um Dateien zu verarbeiten. BarcodeOCR verarbeitet Ihre Dokumente anhand der von Ihnen erstellen Konfiguration\u00a0<strong>automatisch<\/strong>, wenn Sie Dokumente einscannen und\u00a0in einem bestimmten Ordner legen.<\/p>\n<p>[\/et_pb_text][et_pb_image admin_label=&#8220;Image&#8220; src=&#8220;\/static\/images\/sort_general.png&#8220; url_new_window=&#8220;off&#8220; animation=&#8220;left&#8220; module_class=&#8220;centerimage&#8220; \/][et_pb_text admin_label=&#8220;Mehrere Scanner gleichzeitig&#8220; background_layout=&#8220;light&#8220; text_orientation=&#8220;left&#8220;]<\/p>\n<p>Der Dienst ist in der Lage, mehrere Konfigurationen gleichzeitig abzuarbeiten. Somit k\u00f6nnen Sie unterschiedliche Dokumenttypen mit\u00a0<strong>einer<\/strong>\u00a0Installation von BarcodeOCR verarbeiten lassen.<\/p>\n<p>Wenn Sie mehrere Konfigurationen nutzen, werden die Dokumente in eine Warteschlange aufgenommen und automatisch nacheinander verarbeitet. Somit k\u00f6nnen auch verschiedene Dokumentenstapel\u00a0<strong>an unterschiedlichen Scannern gleichzeitig<\/strong>\u00a0eingescannt werden.<\/p>\n<p>[\/et_pb_text][et_pb_image admin_label=&#8220;Bild: Mehrere Scanner zu BOCR&#8220; src=&#8220;\/wp-content\/uploads\/nmscannertobc.png&#8220; show_in_lightbox=&#8220;off&#8220; url_new_window=&#8220;off&#8220; animation=&#8220;left&#8220; sticky=&#8220;off&#8220; use_overlay=&#8220;off&#8220; align=&#8220;left&#8220; force_fullwidth=&#8220;off&#8220; always_center_on_mobile=&#8220;on&#8220; use_border_color=&#8220;off&#8220; border_color=&#8220;#ffffff&#8220; border_style=&#8220;solid&#8220; \/][et_pb_text admin_label=&#8220;Beschreibung Geschwingkeit und Cluster&#8220; background_layout=&#8220;light&#8220; text_orientation=&#8220;left&#8220;]<\/p>\n<p>Die Geschwindigkeit der Verarbeitung h\u00e4ngt stark von der Dokumentqualit\u00e4t, der Aufl\u00f6sung der Dokumente, evtl. automatischen Verbesserungen und dem Computer oder Server ab.<\/p>\n<p>Sie k\u00f6nnen auch einen zweiten Dienst in Betracht ziehen, wenn Sie Dokumente an einem\u00a0<strong>anderen Standort<\/strong>\u00a0verarbeiten lassen m\u00f6chten. \u00a0Somit stellen Sie sicher, dass die Dokumente in all Ihren Standorten\u00a0<strong>in kurzer Zeit verarbeitet<\/strong>\u00a0werden\u00a0k\u00f6nnen.<\/p>\n<p>[\/et_pb_text][\/et_pb_column_inner][\/et_pb_row_inner][\/et_pb_column][et_pb_column type=&#8220;1_4&#8243;][et_pb_sidebar admin_label=&#8220;Sidebar&#8220; orientation=&#8220;right&#8220; area=&#8220;et_pb_widget_area_5&#8243; background_layout=&#8220;light&#8220; remove_border=&#8220;off&#8220; \/][\/et_pb_column][\/et_pb_section]<\/p>\n","protected":false},"excerpt":{"rendered":"<p>Zentraler Dienst. Verarbeitung an einem Ort. BarcodeOCR besteht aus zwei Teilen, der Benutzeroberfl\u00e4che\u00a0um Konfigurationen zu erstellen\u00a0und\u00a0den Status einzusehen, sowie\u00a0aus einem\u00a0Systemdienst. Der Systemdienst\u00a0l\u00e4uft im Hintergrund\u00a0auf einem beliebigen Computer oder Server in Ihrem Netzwerk und ben\u00f6tigt\u00a0keine Benutzereingaben\u00a0um Dateien zu verarbeiten. BarcodeOCR verarbeitet Ihre Dokumente anhand der von Ihnen erstellen Konfiguration\u00a0automatisch, wenn Sie Dokumente einscannen und\u00a0in einem bestimmten [&hellip;]<\/p>\n","protected":false},"author":1,"featured_media":0,"parent":28,"menu_order":40,"comment_status":"open","ping_status":"open","template":"","meta":{"_et_pb_use_builder":"on","_et_pb_old_content":"<p>Inhalt ...<\/p>","_et_gb_content_width":"","_monsterinsights_skip_tracking":false,"_monsterinsights_sitenote_active":false,"_monsterinsights_sitenote_note":"","_monsterinsights_sitenote_category":0,"footnotes":""},"class_list":["post-175","page","type-page","status-publish","hentry"],"_links":{"self":[{"href":"https:\/\/www.barcode-ocr.com\/de\/wp-json\/wp\/v2\/pages\/175","targetHints":{"allow":["GET"]}}],"collection":[{"href":"https:\/\/www.barcode-ocr.com\/de\/wp-json\/wp\/v2\/pages"}],"about":[{"href":"https:\/\/www.barcode-ocr.com\/de\/wp-json\/wp\/v2\/types\/page"}],"author":[{"embeddable":true,"href":"https:\/\/www.barcode-ocr.com\/de\/wp-json\/wp\/v2\/users\/1"}],"replies":[{"embeddable":true,"href":"https:\/\/www.barcode-ocr.com\/de\/wp-json\/wp\/v2\/comments?post=175"}],"version-history":[{"count":23,"href":"https:\/\/www.barcode-ocr.com\/de\/wp-json\/wp\/v2\/pages\/175\/revisions"}],"predecessor-version":[{"id":3219,"href":"https:\/\/www.barcode-ocr.com\/de\/wp-json\/wp\/v2\/pages\/175\/revisions\/3219"}],"up":[{"embeddable":true,"href":"https:\/\/www.barcode-ocr.com\/de\/wp-json\/wp\/v2\/pages\/28"}],"wp:attachment":[{"href":"https:\/\/www.barcode-ocr.com\/de\/wp-json\/wp\/v2\/media?parent=175"}],"curies":[{"name":"wp","href":"https:\/\/api.w.org\/{rel}","templated":true}]}}