{"id":28,"date":"2014-02-26T21:39:58","date_gmt":"2014-02-26T21:39:58","guid":{"rendered":"http:\/\/188.166.192.58\/?page_id=28"},"modified":"2017-08-10T16:27:10","modified_gmt":"2017-08-10T14:27:10","slug":"funktionen","status":"publish","type":"page","link":"https:\/\/www.barcode-ocr.com\/de\/funktionen\/","title":{"rendered":"Funktionen"},"content":{"rendered":"<p>[et_pb_section bb_built=&#8220;1&#8243; admin_label=&#8220;section&#8220; fullwidth=&#8220;on&#8220; background_color=&#8220;#62aeda&#8220; inner_shadow=&#8220;off&#8220; parallax=&#8220;on&#8220;][et_pb_fullwidth_header admin_label=&#8220;Fullwidth Header&#8220; title=&#8220;Funktionen&#8220; background_layout=&#8220;dark&#8220; text_orientation=&#8220;left&#8220; header_fullscreen=&#8220;off&#8220; header_scroll_down=&#8220;off&#8220; parallax=&#8220;off&#8220; parallax_method=&#8220;off&#8220; content_orientation=&#8220;center&#8220; image_orientation=&#8220;center&#8220; custom_button_one=&#8220;off&#8220; button_one_letter_spacing=&#8220;0&#8243; button_one_use_icon=&#8220;default&#8220; button_one_icon_placement=&#8220;right&#8220; button_one_on_hover=&#8220;on&#8220; button_one_letter_spacing_hover=&#8220;0&#8243; custom_button_two=&#8220;off&#8220; button_two_letter_spacing=&#8220;0&#8243; button_two_use_icon=&#8220;default&#8220; button_two_icon_placement=&#8220;right&#8220; button_two_on_hover=&#8220;on&#8220; button_two_letter_spacing_hover=&#8220;0&#8243; \/][\/et_pb_section][et_pb_section bb_built=&#8220;1&#8243; admin_label=&#8220;Section&#8220; fullwidth=&#8220;off&#8220; specialty=&#8220;on&#8220;][et_pb_column type=&#8220;3_4&#8243; specialty_columns=&#8220;3&#8243;][et_pb_row_inner admin_label=&#8220;Row&#8220;][et_pb_column_inner type=&#8220;4_4&#8243; saved_specialty_column_type=&#8220;3_4&#8243;][et_pb_text admin_label=&#8220;Inhalt&#8220; background_layout=&#8220;light&#8220; text_orientation=&#8220;left&#8220; use_border_color=&#8220;off&#8220; border_color=&#8220;#ffffff&#8220; border_style=&#8220;solid&#8220;]<\/p>\n<h2>Verarbeitung mit BarcodeOCR<\/h2>\n<p>W\u00e4hlen Sie eine Funktion aus dem Men\u00fc, um mehr dar\u00fcber zu erfahren.<\/p>\n<p>&nbsp;<\/p>\n<p><center><div style=\"width: 1080px;\" class=\"wp-video\"><video class=\"wp-video-shortcode\" id=\"video-28-1\" width=\"1080\" height=\"608\" preload=\"metadata\" controls=\"controls\"><source type=\"video\/mp4\" src=\"\/wp-content\/uploads\/video.mp4?_=1\" \/><br \/><a href=\"\/wp-content\/uploads\/video.mp4\">\/wp-content\/uploads\/video.mp4<\/a><\/video><\/div><\/p>\n<p>&nbsp;<\/p>\n<p>&nbsp;<\/p>\n<p><\/center>[\/et_pb_text][\/et_pb_column_inner][\/et_pb_row_inner][\/et_pb_column][et_pb_column type=&#8220;1_4&#8243;][et_pb_sidebar admin_label=&#8220;Sidebar&#8220; orientation=&#8220;right&#8220; area=&#8220;et_pb_widget_area_5&#8243; background_layout=&#8220;light&#8220; remove_border=&#8220;off&#8220; \/][\/et_pb_column][\/et_pb_section]<\/p>\n","protected":false},"excerpt":{"rendered":"<p>Verarbeitung mit BarcodeOCR W\u00e4hlen Sie eine Funktion aus dem Men\u00fc, um mehr dar\u00fcber zu erfahren. &nbsp; <div style=\"width: 1080px;\" class=\"wp-video\"><video class=\"wp-video-shortcode\" id=\"video-28-2\" width=\"1080\" height=\"608\" preload=\"metadata\" controls=\"controls\"><source type=\"video\/mp4\" src=\"\/wp-content\/uploads\/video.mp4?_=2\" \/><a href=\"\/wp-content\/uploads\/video.mp4\">\/wp-content\/uploads\/video.mp4<\/a><\/video><\/div> &nbsp; &nbsp;<\/p>\n","protected":false},"author":1,"featured_media":0,"parent":0,"menu_order":45,"comment_status":"open","ping_status":"open","template":"","meta":{"_et_pb_use_builder":"on","_et_pb_old_content":"","_et_gb_content_width":"","_monsterinsights_skip_tracking":false,"_monsterinsights_sitenote_active":false,"_monsterinsights_sitenote_note":"","_monsterinsights_sitenote_category":0,"footnotes":""},"class_list":["post-28","page","type-page","status-publish","hentry"],"_links":{"self":[{"href":"https:\/\/www.barcode-ocr.com\/de\/wp-json\/wp\/v2\/pages\/28","targetHints":{"allow":["GET"]}}],"collection":[{"href":"https:\/\/www.barcode-ocr.com\/de\/wp-json\/wp\/v2\/pages"}],"about":[{"href":"https:\/\/www.barcode-ocr.com\/de\/wp-json\/wp\/v2\/types\/page"}],"author":[{"embeddable":true,"href":"https:\/\/www.barcode-ocr.com\/de\/wp-json\/wp\/v2\/users\/1"}],"replies":[{"embeddable":true,"href":"https:\/\/www.barcode-ocr.com\/de\/wp-json\/wp\/v2\/comments?post=28"}],"version-history":[{"count":37,"href":"https:\/\/www.barcode-ocr.com\/de\/wp-json\/wp\/v2\/pages\/28\/revisions"}],"predecessor-version":[{"id":3273,"href":"https:\/\/www.barcode-ocr.com\/de\/wp-json\/wp\/v2\/pages\/28\/revisions\/3273"}],"wp:attachment":[{"href":"https:\/\/www.barcode-ocr.com\/de\/wp-json\/wp\/v2\/media?parent=28"}],"curies":[{"name":"wp","href":"https:\/\/api.w.org\/{rel}","templated":true}]}}