{"id":280,"date":"2014-02-28T21:57:53","date_gmt":"2014-02-28T21:57:53","guid":{"rendered":"http:\/\/188.166.192.58\/?page_id=280"},"modified":"2025-04-03T13:55:42","modified_gmt":"2025-04-03T11:55:42","slug":"support","status":"publish","type":"page","link":"https:\/\/www.barcode-ocr.com\/de\/support\/","title":{"rendered":"Support"},"content":{"rendered":"<p>[et_pb_section fb_built=&#8220;1&#8243; fullwidth=&#8220;on&#8220; admin_label=&#8220;section&#8220; _builder_version=&#8220;4.16&#8243; background_color=&#8220;#62aeda&#8220; global_colors_info=&#8220;{}&#8220;][et_pb_fullwidth_header title=&#8220;Support&#8220; content_max_width=&#8220;none&#8220; _builder_version=&#8220;4.16&#8243; background_color=&#8220;rgba(255, 255, 255, 0)&#8220; button_one_letter_spacing_hover=&#8220;0&#8243; button_two_letter_spacing_hover=&#8220;0&#8243; global_colors_info=&#8220;{}&#8220; button_one_text_size__hover_enabled=&#8220;off&#8220; button_two_text_size__hover_enabled=&#8220;off&#8220; button_one_text_color__hover_enabled=&#8220;off&#8220; button_two_text_color__hover_enabled=&#8220;off&#8220; button_one_border_width__hover_enabled=&#8220;off&#8220; button_two_border_width__hover_enabled=&#8220;off&#8220; button_one_border_color__hover_enabled=&#8220;off&#8220; button_two_border_color__hover_enabled=&#8220;off&#8220; button_one_border_radius__hover_enabled=&#8220;off&#8220; button_two_border_radius__hover_enabled=&#8220;off&#8220; button_one_letter_spacing__hover_enabled=&#8220;on&#8220; button_one_letter_spacing__hover=&#8220;0&#8243; button_two_letter_spacing__hover_enabled=&#8220;on&#8220; button_two_letter_spacing__hover=&#8220;0&#8243; button_one_bg_color__hover_enabled=&#8220;off&#8220; button_two_bg_color__hover_enabled=&#8220;off&#8220;][\/et_pb_fullwidth_header][\/et_pb_section][et_pb_section fb_built=&#8220;1&#8243; admin_label=&#8220;section&#8220; _builder_version=&#8220;4.16&#8243; global_colors_info=&#8220;{}&#8220;][et_pb_row column_structure=&#8220;1_3,1_3,1_3&#8243; admin_label=&#8220;row&#8220; _builder_version=&#8220;4.16&#8243; background_size=&#8220;initial&#8220; background_position=&#8220;top_left&#8220; background_repeat=&#8220;repeat&#8220; global_colors_info=&#8220;{}&#8220;][et_pb_column type=&#8220;1_3&#8243; _builder_version=&#8220;4.16&#8243; custom_padding=&#8220;|||&#8220; global_colors_info=&#8220;{}&#8220; custom_padding__hover=&#8220;|||&#8220;][et_pb_blurb title=&#8220;FAQ&#8220; url=&#8220;https:\/\/docs.the-ocr-guys.com\/bocr\/de\/faq\/allgemeine-fragen&#8220; url_new_window=&#8220;on&#8220; image=&#8220;\/static\/images\/faq.png&#8220; image_icon_width=&#8220;none&#8220; admin_label=&#8220;FAQ&#8220; _builder_version=&#8220;4.16&#8243; background_size=&#8220;initial&#8220; background_position=&#8220;top_left&#8220; background_repeat=&#8220;repeat&#8220; text_orientation=&#8220;center&#8220; use_border_color=&#8220;off&#8220; border_color=&#8220;#ffffff&#8220; border_style=&#8220;solid&#8220; image_max_width=&#8220;none&#8220; global_colors_info=&#8220;{}&#8220;]Antworten auf die meistgestellten Fragen<br \/>\n[\/et_pb_blurb][\/et_pb_column][et_pb_column type=&#8220;1_3&#8243; _builder_version=&#8220;4.16&#8243; custom_padding=&#8220;|||&#8220; global_colors_info=&#8220;{}&#8220; custom_padding__hover=&#8220;|||&#8220;][et_pb_blurb title=&#8220;Dokumentation&#8220; url=&#8220;https:\/\/docs.the-ocr-guys.com\/books\/barcodeocr-de-aktuellste&#8220; url_new_window=&#8220;on&#8220; image=&#8220;\/static\/images\/documentation-small.png&#8220; image_icon_width=&#8220;none&#8220; _builder_version=&#8220;4.17.3&#8243; background_size=&#8220;initial&#8220; background_position=&#8220;top_left&#8220; background_repeat=&#8220;repeat&#8220; text_orientation=&#8220;center&#8220; hover_enabled=&#8220;0&#8243; use_border_color=&#8220;off&#8220; border_color=&#8220;#ffffff&#8220; border_style=&#8220;solid&#8220; image_max_width=&#8220;none&#8220; global_colors_info=&#8220;{}&#8220; sticky_enabled=&#8220;0&#8243;]<\/p>\n<p>Link zur Online-Hilfe von BarcodeOCR incl. den Release Notes<\/p>\n<p>[\/et_pb_blurb][\/et_pb_column][et_pb_column type=&#8220;1_3&#8243; _builder_version=&#8220;4.16&#8243; custom_padding=&#8220;|||&#8220; global_colors_info=&#8220;{}&#8220; custom_padding__hover=&#8220;|||&#8220;][et_pb_blurb title=&#8220;Support Team&#8220; url=&#8220;mailto:support@barcode-ocr.com&#8220; image=&#8220;\/static\/images\/team.png&#8220; image_icon_width=&#8220;none&#8220; _builder_version=&#8220;4.16&#8243; background_size=&#8220;initial&#8220; background_position=&#8220;top_left&#8220; background_repeat=&#8220;repeat&#8220; text_orientation=&#8220;center&#8220; use_border_color=&#8220;off&#8220; border_color=&#8220;#ffffff&#8220; border_style=&#8220;solid&#8220; image_max_width=&#8220;none&#8220; global_colors_info=&#8220;{}&#8220;]<\/p>\n<p><a href=\"mailto:supp%6Frt@b%61%72code%2D%6Fcr%2Ecom\">support@barcode-ocr.com<\/a><\/p>\n<p>Um Ihre Anfrage m\u00f6glichst direkt und schnell l\u00f6sen zu k\u00f6nnen, verwenden wir f\u00fcr telefonische Beratung und technischen Support ein Terminbuchungssystem. Sie k\u00f6nnen so einen f\u00fcr Sie passenden Zeitpunkt buchen.<\/p>\n<p><a href=\"https:\/\/outlook.office365.com\/owa\/calendar\/BarcodeOCR@keilitstuttgart.onmicrosoft.com\/bookings\/\" target=\"_blank\" rel=\"noopener noreferrer\">Buchungsseite f\u00fcr Interessenten und Kunden mit Supportvertrag \u00f6ffnen<\/a><\/p>\n<p><a href=\"https:\/\/get.anydesk.com\/rLaVyET8\/BarcodeOCR_Remote_Support.exe\">Fernwartung herunterladen<\/a><\/p>\n<p>[\/et_pb_blurb][\/et_pb_column][\/et_pb_row][\/et_pb_section][et_pb_section fb_built=&#8220;1&#8243; admin_label=&#8220;section&#8220; _builder_version=&#8220;4.16&#8243; background_color=&#8220;#eeeeee&#8220; global_colors_info=&#8220;{}&#8220;][et_pb_row admin_label=&#8220;row&#8220; _builder_version=&#8220;4.16&#8243; background_size=&#8220;initial&#8220; background_position=&#8220;top_left&#8220; background_repeat=&#8220;repeat&#8220; global_colors_info=&#8220;{}&#8220;][et_pb_column type=&#8220;4_4&#8243; _builder_version=&#8220;4.16&#8243; custom_padding=&#8220;|||&#8220; global_colors_info=&#8220;{}&#8220; custom_padding__hover=&#8220;|||&#8220;][et_pb_text _builder_version=&#8220;4.16&#8243; background_size=&#8220;initial&#8220; background_position=&#8220;top_left&#8220; background_repeat=&#8220;repeat&#8220; use_border_color=&#8220;off&#8220; global_colors_info=&#8220;{}&#8220;]<\/p>\n<h2>Sie haben Probleme mit BarcodeOCR?<\/h2>\n<p>[\/et_pb_text][et_pb_text _builder_version=&#8220;4.16&#8243; background_size=&#8220;initial&#8220; background_position=&#8220;top_left&#8220; background_repeat=&#8220;repeat&#8220; use_border_color=&#8220;off&#8220; global_colors_info=&#8220;{}&#8220;]Falls bestimmte Barcodes nicht erkannt werden oder bei der Verarbeitung der Dokumente Probleme auftreten, k\u00f6nnen wir Ihnen am schnellsten helfen wenn Sie uns Ihre Einstellungen und Beispieldokumente zusenden. Mit diesen Informationen k\u00f6nnen wir das Problem bei uns reproduzieren und in der Regel direkt mit L\u00f6sungsvorschl\u00e4gen antworten.<\/p>\n<p><strong>Bitte schicken Sie uns nur Dokumente zu, die nicht vertraulich sind und keine personenbezogenen Daten beinhalten!<\/strong> Sie k\u00f6nnen die Informationen vor dem Versenden mit einem PDF-Editor schw\u00e4rzen, oder vertrauliche Inhalte beim Einscannen abdecken.<br \/>\n[\/et_pb_text][\/et_pb_column][\/et_pb_row][\/et_pb_section][et_pb_section fb_built=&#8220;1&#8243; admin_label=&#8220;section&#8220; _builder_version=&#8220;4.16&#8243; background_color=&#8220;#ffffff&#8220; global_colors_info=&#8220;{}&#8220;][et_pb_row admin_label=&#8220;row&#8220; _builder_version=&#8220;4.16&#8243; background_size=&#8220;initial&#8220; background_position=&#8220;top_left&#8220; background_repeat=&#8220;repeat&#8220; global_colors_info=&#8220;{}&#8220;][et_pb_column type=&#8220;4_4&#8243; _builder_version=&#8220;4.16&#8243; custom_padding=&#8220;|||&#8220; global_colors_info=&#8220;{}&#8220; custom_padding__hover=&#8220;|||&#8220;][et_pb_text _builder_version=&#8220;4.16&#8243; background_size=&#8220;initial&#8220; background_position=&#8220;top_left&#8220; background_repeat=&#8220;repeat&#8220; use_border_color=&#8220;off&#8220; border_color=&#8220;#ffffff&#8220; border_style=&#8220;solid&#8220; global_colors_info=&#8220;{}&#8220;]<\/p>\n<h2>Wartung<\/h2>\n<p>[\/et_pb_text][et_pb_text _builder_version=&#8220;4.16&#8243; background_size=&#8220;initial&#8220; background_position=&#8220;top_left&#8220; background_repeat=&#8220;repeat&#8220; use_border_color=&#8220;off&#8220; border_color=&#8220;#ffffff&#8220; border_style=&#8220;solid&#8220; global_colors_info=&#8220;{}&#8220;]Wenn Sie \u00fcber einen g\u00fcltigen Wartungsvertrag verf\u00fcgen, erhalten Sie kostenlose technische Unterst\u00fctung von unserem Support-Team. Haben Sie BarcodeOCR \u00fcber einen unserer Partner erworben, kontaktieren Sie bei Problemen mit BarcodeOCR bitte Ihren Ansprechpartner.<\/p>\n<p>Ihren Anspruch auf technischen Support k\u00f6nnen Sie <a href=\"https:\/\/my.barcode-ocr.com\/\" target=\"_blank\" rel=\"noopener noreferrer\">im Lizenzportal<\/a> einsehen. Sollte Ihre Wartung ausgelaufen sein, k\u00f6nnen Sie dort auch neue Wartung abschlie\u00dfen. Stellen Sie vor einer Supportanfrage sicher, dass Sie die aktuellste Version von BarcodeOCR verwenden.<\/p>\n<p>Support stellen wir auf Deutsch und Englisch bereit.<br \/>\n[\/et_pb_text][\/et_pb_column][\/et_pb_row][\/et_pb_section]<\/p>\n","protected":false},"excerpt":{"rendered":"<p>Antworten auf die meistgestellten Fragen Link zur Online-Hilfe von BarcodeOCR incl. den Release Notessupport@barcode-ocr.com Um Ihre Anfrage m\u00f6glichst direkt und schnell l\u00f6sen zu k\u00f6nnen, verwenden wir f\u00fcr telefonische Beratung und technischen Support ein Terminbuchungssystem. Sie k\u00f6nnen so einen f\u00fcr Sie passenden Zeitpunkt buchen. Buchungsseite f\u00fcr Interessenten und Kunden mit Supportvertrag \u00f6ffnen Fernwartung herunterladenSie haben Probleme [&hellip;]<\/p>\n","protected":false},"author":1,"featured_media":0,"parent":0,"menu_order":37,"comment_status":"open","ping_status":"open","template":"","meta":{"_et_pb_use_builder":"on","_et_pb_old_content":"","_et_gb_content_width":"","_monsterinsights_skip_tracking":false,"_monsterinsights_sitenote_active":false,"_monsterinsights_sitenote_note":"","_monsterinsights_sitenote_category":0,"footnotes":""},"class_list":["post-280","page","type-page","status-publish","hentry"],"_links":{"self":[{"href":"https:\/\/www.barcode-ocr.com\/de\/wp-json\/wp\/v2\/pages\/280","targetHints":{"allow":["GET"]}}],"collection":[{"href":"https:\/\/www.barcode-ocr.com\/de\/wp-json\/wp\/v2\/pages"}],"about":[{"href":"https:\/\/www.barcode-ocr.com\/de\/wp-json\/wp\/v2\/types\/page"}],"author":[{"embeddable":true,"href":"https:\/\/www.barcode-ocr.com\/de\/wp-json\/wp\/v2\/users\/1"}],"replies":[{"embeddable":true,"href":"https:\/\/www.barcode-ocr.com\/de\/wp-json\/wp\/v2\/comments?post=280"}],"version-history":[{"count":42,"href":"https:\/\/www.barcode-ocr.com\/de\/wp-json\/wp\/v2\/pages\/280\/revisions"}],"predecessor-version":[{"id":4244,"href":"https:\/\/www.barcode-ocr.com\/de\/wp-json\/wp\/v2\/pages\/280\/revisions\/4244"}],"wp:attachment":[{"href":"https:\/\/www.barcode-ocr.com\/de\/wp-json\/wp\/v2\/media?parent=280"}],"curies":[{"name":"wp","href":"https:\/\/api.w.org\/{rel}","templated":true}]}}