{"id":3222,"date":"2017-08-10T15:08:39","date_gmt":"2017-08-10T13:08:39","guid":{"rendered":"https:\/\/www.barcode-ocr.com\/?page_id=3222\/"},"modified":"2017-08-15T11:48:14","modified_gmt":"2017-08-15T09:48:14","slug":"volltexterkennung","status":"publish","type":"page","link":"https:\/\/www.barcode-ocr.com\/de\/funktionen\/volltexterkennung\/","title":{"rendered":"Volltexterkennung"},"content":{"rendered":"<p>[et_pb_section bb_built=&#8220;1&#8243; admin_label=&#8220;Section&#8220; fullwidth=&#8220;on&#8220; specialty=&#8220;off&#8220; transparent_background=&#8220;off&#8220; background_color=&#8220;#62aeda&#8220; allow_player_pause=&#8220;off&#8220; inner_shadow=&#8220;off&#8220; parallax=&#8220;off&#8220; parallax_method=&#8220;on&#8220; make_fullwidth=&#8220;off&#8220; use_custom_width=&#8220;off&#8220; width_unit=&#8220;on&#8220; make_equal=&#8220;off&#8220; use_custom_gutter=&#8220;off&#8220;][et_pb_fullwidth_header admin_label=&#8220;Fullwidth Header&#8220; title=&#8220;Volltexterkennung&#8220; background_layout=&#8220;dark&#8220; text_orientation=&#8220;left&#8220; header_fullscreen=&#8220;off&#8220; header_scroll_down=&#8220;off&#8220; parallax=&#8220;off&#8220; parallax_method=&#8220;off&#8220; content_orientation=&#8220;center&#8220; image_orientation=&#8220;center&#8220; custom_button_one=&#8220;off&#8220; button_one_letter_spacing=&#8220;0&#8243; button_one_use_icon=&#8220;default&#8220; button_one_icon_placement=&#8220;right&#8220; button_one_on_hover=&#8220;on&#8220; button_one_letter_spacing_hover=&#8220;0&#8243; custom_button_two=&#8220;off&#8220; button_two_letter_spacing=&#8220;0&#8243; button_two_use_icon=&#8220;default&#8220; button_two_icon_placement=&#8220;right&#8220; button_two_on_hover=&#8220;on&#8220; button_two_letter_spacing_hover=&#8220;0&#8243; \/][\/et_pb_section][et_pb_section bb_built=&#8220;1&#8243; admin_label=&#8220;Section&#8220; fullwidth=&#8220;off&#8220; specialty=&#8220;on&#8220;][et_pb_column type=&#8220;3_4&#8243; specialty_columns=&#8220;3&#8243;][et_pb_row_inner admin_label=&#8220;Row&#8220;][et_pb_column_inner type=&#8220;4_4&#8243; saved_specialty_column_type=&#8220;3_4&#8243;][et_pb_text admin_label=&#8220;Text&#8220; background_layout=&#8220;light&#8220; text_orientation=&#8220;left&#8220; use_border_color=&#8220;off&#8220; border_color=&#8220;#ffffff&#8220; border_style=&#8220;solid&#8220;]<\/p>\n<h2>Dokumente durchsuchbar speichern<\/h2>\n<p>BarcodeOCR kann Ihre gescannten Dokumente nicht nur auftrennen und konvertieren, sondern diese auch gleich mit Hilfe des leistungsf\u00e4higen Texterkennungsmoduls <strong>durchsuchbar speichern<\/strong>.<\/p>\n<p>Ohne die Volltexterkennung (OCR) werden die Texte innerhalb des PDF-Dokuments nur als Grafiken gespeichert und eine Suche nach einem Schlagwort, einer Rechnungsnummer oder eines Freitext zeigt keine Ergebnisse.<\/p>\n<p>Mit der Volltexterkennung werden Ihre Dokumente analysiert und der <strong>Text wird automatisch erkannt und mit in die Ausgabedatei eingebettet<\/strong>. Wenn Sie jetzt in der PDF-Datei suchen, springt Ihr PDF-Viewer zu der Textstelle und markiert das gefundene Wort.<\/p>\n<p>Nutzen Sie die Volltexterkennung in Zusammenhang mit dem Windows Explorer, Spotlight auf dem Mac oder einer anderen beliebigen Indizierungsanwendung. <strong>So k\u00f6nnen Sie auch innerhalb eines Ordners mit vielen PDF-Dateien nach einem Begriff suchen und Ihnen werden alle PDF-Dateien angezeigt, die den Suchbegriff beinhalten<\/strong>.<\/p>\n<p>&nbsp;<\/p>\n<p>[\/et_pb_text][\/et_pb_column_inner][\/et_pb_row_inner][et_pb_row_inner admin_label=&#8220;Row&#8220;][et_pb_column_inner type=&#8220;1_2&#8243; saved_specialty_column_type=&#8220;3_4&#8243;][et_pb_blurb admin_label=&#8220;Blurb&#8220; title=&#8220;Zeit einsparen&#8220; url_new_window=&#8220;off&#8220; use_icon=&#8220;on&#8220; font_icon=&#8220;%%167%%&#8220; icon_color=&#8220;#62aeda&#8220; use_circle=&#8220;off&#8220; circle_color=&#8220;#7EBEC5&#8243; use_circle_border=&#8220;off&#8220; circle_border_color=&#8220;#7EBEC5&#8243; icon_placement=&#8220;top&#8220; animation=&#8220;top&#8220; background_layout=&#8220;light&#8220; text_orientation=&#8220;center&#8220; use_icon_font_size=&#8220;off&#8220; use_border_color=&#8220;off&#8220; border_color=&#8220;#ffffff&#8220; border_style=&#8220;solid&#8220; \/][\/et_pb_column_inner][et_pb_column_inner type=&#8220;1_2&#8243; saved_specialty_column_type=&#8220;3_4&#8243;][et_pb_blurb admin_label=&#8220;Blurb&#8220; title=&#8220;Dokumente wiederfinden&#8220; url_new_window=&#8220;off&#8220; use_icon=&#8220;on&#8220; font_icon=&#8220;%%147%%&#8220; icon_color=&#8220;#62aeda&#8220; use_circle=&#8220;off&#8220; circle_color=&#8220;#7EBEC5&#8243; use_circle_border=&#8220;off&#8220; circle_border_color=&#8220;#7EBEC5&#8243; icon_placement=&#8220;top&#8220; animation=&#8220;top&#8220; background_layout=&#8220;light&#8220; text_orientation=&#8220;center&#8220; use_icon_font_size=&#8220;off&#8220; use_border_color=&#8220;off&#8220; border_color=&#8220;#ffffff&#8220; border_style=&#8220;solid&#8220; \/][\/et_pb_column_inner][\/et_pb_row_inner][et_pb_row_inner admin_label=&#8220;Row&#8220;][et_pb_column_inner type=&#8220;4_4&#8243; saved_specialty_column_type=&#8220;3_4&#8243;][et_pb_text admin_label=&#8220;Text&#8220; background_layout=&#8220;light&#8220; text_orientation=&#8220;left&#8220; use_border_color=&#8220;off&#8220; border_color=&#8220;#ffffff&#8220; border_style=&#8220;solid&#8220;]<\/p>\n<p>Bei der Volltexterkennung k\u00f6nnen zus\u00e4tzlich weitere Optionen aktiviert werden:<\/p>\n<h4>Automatisches Ausrichten der Seiten<\/h4>\n<p>Ihre gescannten Seiten werden automatisch in die nat\u00fcrliche Leserichtung gedreht. Eine manuelle Nacharbeit der um 90\u00b0 oder 180\u00b0 gedrehten Seiten ist nicht mehr notwendig.<\/p>\n<h4>Konvertierung in Schwarz\/Wei\u00df<\/h4>\n<p>Die verarbeiteten Dokumente k\u00f6nnen f\u00fcr die Archivierung in S\/W-Dokumente konvertiert werden und dabei mit Hilfe des CCITT Group 4 Algorithmusses komprimiert werden.<\/p>\n<h4>Anpassung der Dokumentaufl\u00f6sung<\/h4>\n<p>Dokumente k\u00f6nnen in eine niedrigere DPI-Aufl\u00f6sung konvertiert werden, damit die Dokumente platzsparend archiviert werden k\u00f6nnen. Je nach Aufl\u00f6sung, Anordnung des Barcodes und Barcode-Typ ist es ggf. notwendig, das Dokument in einer h\u00f6heren Aufl\u00f6sung zu scannen damit der Barcode besonders gut erkannt werden kann.<\/p>\n<p>Vor der Archivierung kann mit dieser Option die Aufl\u00f6sung, und damit die Dateigr\u00f6\u00dfe, vermindert werden.<\/p>\n<p>&nbsp;<\/p>\n<p>[\/et_pb_text][\/et_pb_column_inner][\/et_pb_row_inner][\/et_pb_column][et_pb_column type=&#8220;1_4&#8243;][et_pb_sidebar admin_label=&#8220;Sidebar&#8220; orientation=&#8220;right&#8220; area=&#8220;et_pb_widget_area_5&#8243; background_layout=&#8220;light&#8220; remove_border=&#8220;off&#8220; \/][\/et_pb_column][\/et_pb_section]<\/p>\n","protected":false},"excerpt":{"rendered":"<p>Dokumente durchsuchbar speichern BarcodeOCR kann Ihre gescannten Dokumente nicht nur auftrennen und konvertieren, sondern diese auch gleich mit Hilfe des leistungsf\u00e4higen Texterkennungsmoduls durchsuchbar speichern. Ohne die Volltexterkennung (OCR) werden die Texte innerhalb des PDF-Dokuments nur als Grafiken gespeichert und eine Suche nach einem Schlagwort, einer Rechnungsnummer oder eines Freitext zeigt keine Ergebnisse. Mit der Volltexterkennung [&hellip;]<\/p>\n","protected":false},"author":1,"featured_media":0,"parent":28,"menu_order":0,"comment_status":"closed","ping_status":"closed","template":"","meta":{"_et_pb_use_builder":"on","_et_pb_old_content":"","_et_gb_content_width":"","_monsterinsights_skip_tracking":false,"_monsterinsights_sitenote_active":false,"_monsterinsights_sitenote_note":"","_monsterinsights_sitenote_category":0,"footnotes":""},"class_list":["post-3222","page","type-page","status-publish","hentry"],"_links":{"self":[{"href":"https:\/\/www.barcode-ocr.com\/de\/wp-json\/wp\/v2\/pages\/3222","targetHints":{"allow":["GET"]}}],"collection":[{"href":"https:\/\/www.barcode-ocr.com\/de\/wp-json\/wp\/v2\/pages"}],"about":[{"href":"https:\/\/www.barcode-ocr.com\/de\/wp-json\/wp\/v2\/types\/page"}],"author":[{"embeddable":true,"href":"https:\/\/www.barcode-ocr.com\/de\/wp-json\/wp\/v2\/users\/1"}],"replies":[{"embeddable":true,"href":"https:\/\/www.barcode-ocr.com\/de\/wp-json\/wp\/v2\/comments?post=3222"}],"version-history":[{"count":12,"href":"https:\/\/www.barcode-ocr.com\/de\/wp-json\/wp\/v2\/pages\/3222\/revisions"}],"predecessor-version":[{"id":3279,"href":"https:\/\/www.barcode-ocr.com\/de\/wp-json\/wp\/v2\/pages\/3222\/revisions\/3279"}],"up":[{"embeddable":true,"href":"https:\/\/www.barcode-ocr.com\/de\/wp-json\/wp\/v2\/pages\/28"}],"wp:attachment":[{"href":"https:\/\/www.barcode-ocr.com\/de\/wp-json\/wp\/v2\/media?parent=3222"}],"curies":[{"name":"wp","href":"https:\/\/api.w.org\/{rel}","templated":true}]}}