{"id":439,"date":"2014-03-03T07:58:08","date_gmt":"2014-03-03T07:58:08","guid":{"rendered":"http:\/\/188.166.192.58\/?page_id=439"},"modified":"2017-08-17T09:42:17","modified_gmt":"2017-08-17T07:42:17","slug":"benennungsregeln","status":"publish","type":"page","link":"https:\/\/www.barcode-ocr.com\/de\/funktionen\/benennungsregeln\/","title":{"rendered":"Benennungsregeln"},"content":{"rendered":"<p>[et_pb_section bb_built=&#8220;1&#8243; admin_label=&#8220;section&#8220; fullwidth=&#8220;on&#8220; background_color=&#8220;#62aeda&#8220; inner_shadow=&#8220;off&#8220; parallax=&#8220;on&#8220;][et_pb_fullwidth_header admin_label=&#8220;Fullwidth Header&#8220; title=&#8220;Verarbeitungsregeln&#8220; background_layout=&#8220;dark&#8220; text_orientation=&#8220;left&#8220; header_fullscreen=&#8220;off&#8220; header_scroll_down=&#8220;off&#8220; parallax=&#8220;off&#8220; parallax_method=&#8220;off&#8220; content_orientation=&#8220;center&#8220; image_orientation=&#8220;center&#8220; custom_button_one=&#8220;off&#8220; button_one_letter_spacing=&#8220;0&#8243; button_one_use_icon=&#8220;default&#8220; button_one_icon_placement=&#8220;right&#8220; button_one_on_hover=&#8220;on&#8220; button_one_letter_spacing_hover=&#8220;0&#8243; custom_button_two=&#8220;off&#8220; button_two_letter_spacing=&#8220;0&#8243; button_two_use_icon=&#8220;default&#8220; button_two_icon_placement=&#8220;right&#8220; button_two_on_hover=&#8220;on&#8220; button_two_letter_spacing_hover=&#8220;0&#8243; \/][\/et_pb_section][et_pb_section bb_built=&#8220;1&#8243; admin_label=&#8220;Section&#8220; fullwidth=&#8220;off&#8220; specialty=&#8220;on&#8220;][et_pb_column type=&#8220;3_4&#8243; specialty_columns=&#8220;3&#8243;][et_pb_row_inner admin_label=&#8220;Row&#8220;][et_pb_column_inner type=&#8220;4_4&#8243; saved_specialty_column_type=&#8220;3_4&#8243;][et_pb_text admin_label=&#8220;Einleitung&#8220; background_layout=&#8220;light&#8220; text_orientation=&#8220;left&#8220; use_border_color=&#8220;off&#8220; border_color=&#8220;#ffffff&#8220; border_style=&#8220;solid&#8220;]<\/p>\n<h2>Name der verarbeiteten Dateien anpassen<\/h2>\n<p>Nach dem Trennvorgang erstellt BarcodeOCR Teildokumente, die die gew\u00fcnschten Dokumentseiten beinhalten. Diese Dokumente werden anschlie\u00dfend als neue Datei im dem gew\u00fcnschten Ausgangsordner abgespeichert. Sie k\u00f6nnen definieren, wie diese Dokumente automatisch benannt werden sollen, um die Dateien in Ihrem Ablagesystem einfacher wiederzufinden.<\/p>\n<p>[\/et_pb_text][et_pb_text admin_label=&#8220;Optionen&#8220; background_layout=&#8220;light&#8220; text_orientation=&#8220;left&#8220; use_border_color=&#8220;off&#8220; border_color=&#8220;#ffffff&#8220; border_style=&#8220;solid&#8220;]<\/p>\n<p>Folgende Optionen stehen Ihnen hierbei zur Verf\u00fcgung:<\/p>\n<ul>\n<li>Verwendung des Original-Dateinamens (Es erfolgt keine Umbenennung in den erkannten Barcode)<\/li>\n<li>Verwendung des erkannten Barcodes als neuen Dateinamen<\/li>\n<\/ul>\n<p><strong><br \/>\nZus\u00e4tzlich<\/strong> k\u00f6nnen Sie jedem Dateinamen frei definierbare Zeichen voranstellen oder anh\u00e4ngen:<\/p>\n<ul>\n<li>Freitext (Beliebige Zeichenfolge)<\/li>\n<li>Aktuelles Jahr<\/li>\n<li>Aktueller Monat<\/li>\n<li>Aktueller Tag<\/li>\n<li>Aktuelles Datum<\/li>\n<li>Einzigartiger Zeitstempel<\/li>\n<li>Einzigartiger Dateistempel<\/li>\n<li>Alter Dateiname vor der Umbenennung<\/li>\n<li>Anzahl der Seiten<\/li>\n<li>Seitenz\u00e4hler (pro Arbeitsanweisung)<\/li>\n<li>Seitenz\u00e4hler (pro BarcodeOCR-Installation)<\/li>\n<\/ul>\n<p>[\/et_pb_text][et_pb_text admin_label=&#8220;Ersetzen Zeichenfolgen&#8220; background_layout=&#8220;light&#8220; text_orientation=&#8220;left&#8220; use_border_color=&#8220;off&#8220; border_color=&#8220;#ffffff&#8220; border_style=&#8220;solid&#8220;]<\/p>\n<h4>Ersetzen von Zeichenfolgen<\/h4>\n<p>Zus\u00e4tzlich zu dem Hinzuf\u00fcgen von frei definierbaren Zeichen oder Parametern k\u00f6nnen auch Text mit einem anderen Text ersetzt werden.<\/p>\n<p>[\/et_pb_text][et_pb_text admin_label=&#8220;Dateinamen Konflikte&#8220; background_layout=&#8220;light&#8220; text_orientation=&#8220;left&#8220; use_border_color=&#8220;off&#8220; border_color=&#8220;#ffffff&#8220; border_style=&#8220;solid&#8220;]<\/p>\n<h4>Behandeln von Dateinamen-Konflikten<\/h4>\n<p>F\u00fcr den Fall, dass eine Datei mit dem gleichen Namen bereits in Ihrer Dateiablage\u00a0existiert, k\u00f6nnen Sie festlegen, wie BarcodeOCR die Datei ablegen soll. Hierbei k\u00f6nnen Sie folgende Regeln nutzen:<\/p>\n<ul>\n<li>Duplikate sollen \u00fcberschrieben werden<\/li>\n<li>Duplikate sollen den vorgesehenen Dateinamen erhalten und zus\u00e4tzlich eine fortlaufende Nummer<\/li>\n<li>Duplikate sollen in den Fehlerordner verschoben werden, damit Sie die Dokumente manuell \u00fcberpr\u00fcfen k\u00f6nnen<\/li>\n<\/ul>\n<p>&nbsp;<\/p>\n<p>[\/et_pb_text][\/et_pb_column_inner][\/et_pb_row_inner][\/et_pb_column][et_pb_column type=&#8220;1_4&#8243;][et_pb_sidebar admin_label=&#8220;Sidebar&#8220; orientation=&#8220;right&#8220; area=&#8220;et_pb_widget_area_5&#8243; background_layout=&#8220;light&#8220; remove_border=&#8220;off&#8220; \/][\/et_pb_column][\/et_pb_section]<\/p>\n","protected":false},"excerpt":{"rendered":"<p>Name der verarbeiteten Dateien anpassen Nach dem Trennvorgang erstellt BarcodeOCR Teildokumente, die die gew\u00fcnschten Dokumentseiten beinhalten. Diese Dokumente werden anschlie\u00dfend als neue Datei im dem gew\u00fcnschten Ausgangsordner abgespeichert. Sie k\u00f6nnen definieren, wie diese Dokumente automatisch benannt werden sollen, um die Dateien in Ihrem Ablagesystem einfacher wiederzufinden. Folgende Optionen stehen Ihnen hierbei zur Verf\u00fcgung: Verwendung des [&hellip;]<\/p>\n","protected":false},"author":1,"featured_media":0,"parent":28,"menu_order":29,"comment_status":"open","ping_status":"open","template":"","meta":{"_et_pb_use_builder":"on","_et_pb_old_content":"","_et_gb_content_width":"","_monsterinsights_skip_tracking":false,"_monsterinsights_sitenote_active":false,"_monsterinsights_sitenote_note":"","_monsterinsights_sitenote_category":0,"footnotes":""},"class_list":["post-439","page","type-page","status-publish","hentry"],"_links":{"self":[{"href":"https:\/\/www.barcode-ocr.com\/de\/wp-json\/wp\/v2\/pages\/439","targetHints":{"allow":["GET"]}}],"collection":[{"href":"https:\/\/www.barcode-ocr.com\/de\/wp-json\/wp\/v2\/pages"}],"about":[{"href":"https:\/\/www.barcode-ocr.com\/de\/wp-json\/wp\/v2\/types\/page"}],"author":[{"embeddable":true,"href":"https:\/\/www.barcode-ocr.com\/de\/wp-json\/wp\/v2\/users\/1"}],"replies":[{"embeddable":true,"href":"https:\/\/www.barcode-ocr.com\/de\/wp-json\/wp\/v2\/comments?post=439"}],"version-history":[{"count":34,"href":"https:\/\/www.barcode-ocr.com\/de\/wp-json\/wp\/v2\/pages\/439\/revisions"}],"predecessor-version":[{"id":3337,"href":"https:\/\/www.barcode-ocr.com\/de\/wp-json\/wp\/v2\/pages\/439\/revisions\/3337"}],"up":[{"embeddable":true,"href":"https:\/\/www.barcode-ocr.com\/de\/wp-json\/wp\/v2\/pages\/28"}],"wp:attachment":[{"href":"https:\/\/www.barcode-ocr.com\/de\/wp-json\/wp\/v2\/media?parent=439"}],"curies":[{"name":"wp","href":"https:\/\/api.w.org\/{rel}","templated":true}]}}