{"id":449,"date":"2014-03-03T08:40:12","date_gmt":"2014-03-03T08:40:12","guid":{"rendered":"http:\/\/188.166.192.58\/?page_id=449"},"modified":"2017-08-17T09:34:33","modified_gmt":"2017-08-17T07:34:33","slug":"filterregeln","status":"publish","type":"page","link":"https:\/\/www.barcode-ocr.com\/de\/funktionen\/filterregeln\/","title":{"rendered":"Filterregeln"},"content":{"rendered":"<p>[et_pb_section bb_built=&#8220;1&#8243; admin_label=&#8220;section&#8220; fullwidth=&#8220;on&#8220; background_color=&#8220;#62aeda&#8220; inner_shadow=&#8220;off&#8220; parallax=&#8220;on&#8220;][et_pb_fullwidth_header admin_label=&#8220;Fullwidth Header&#8220; title=&#8220;Filterregeln&#8220; background_layout=&#8220;dark&#8220; text_orientation=&#8220;left&#8220; header_fullscreen=&#8220;off&#8220; header_scroll_down=&#8220;off&#8220; parallax=&#8220;off&#8220; parallax_method=&#8220;off&#8220; content_orientation=&#8220;center&#8220; image_orientation=&#8220;center&#8220; custom_button_one=&#8220;off&#8220; button_one_letter_spacing=&#8220;0&#8243; button_one_use_icon=&#8220;default&#8220; button_one_icon_placement=&#8220;right&#8220; button_one_on_hover=&#8220;on&#8220; button_one_letter_spacing_hover=&#8220;0&#8243; custom_button_two=&#8220;off&#8220; button_two_letter_spacing=&#8220;0&#8243; button_two_use_icon=&#8220;default&#8220; button_two_icon_placement=&#8220;right&#8220; button_two_on_hover=&#8220;on&#8220; button_two_letter_spacing_hover=&#8220;0&#8243; \/][\/et_pb_section][et_pb_section bb_built=&#8220;1&#8243; admin_label=&#8220;Section&#8220; fullwidth=&#8220;off&#8220; specialty=&#8220;on&#8220;][et_pb_column type=&#8220;3_4&#8243; specialty_columns=&#8220;3&#8243;][et_pb_row_inner admin_label=&#8220;Row&#8220;][et_pb_column_inner type=&#8220;4_4&#8243; saved_specialty_column_type=&#8220;3_4&#8243;][et_pb_text admin_label=&#8220;Beschreibung&#8220; background_layout=&#8220;light&#8220; text_orientation=&#8220;left&#8220; use_border_color=&#8220;off&#8220; border_color=&#8220;#ffffff&#8220; border_style=&#8220;solid&#8220;]<\/p>\n<h2>Fremdbarcodes ausschlie\u00dfen<\/h2>\n<p>Eingescannte Dokumente k\u00f6nnen bereits Barcodes enthalten und so die Verarbeitung ungew\u00fcnscht ver\u00e4ndern. Um dies zu vermeiden, k\u00f6nnen Sie mit Hilfe einer Filterfunktion Fremdbarcodes ignorieren.<\/p>\n<p>Sollten Ihre Barcodes bspw. vom Typ Code 128 sein und bereits ein Barcode auf dem Dokument vom Typ Code 128 vorhanden sein, k\u00f6nnen Sie mithilfe eines Filters den Fremdbarcode ausschlie\u00dfen.<\/p>\n<p>Durch eine einfache Filtersprache k\u00f6nnen Sie den Aufbau Ihrer Barcodes in der Anwendung hinterlegen. Pro Arbeitsanweisung k\u00f6nnen Sie auch mehrere Filter festlegen, wovon ein Filter \u00fcbereinstimmen muss, um die Seite zu verarbeiten.<\/p>\n<p>Wenn Sie keinen Einfluss auf den Aufbau Ihrer Barcodes haben und diese sich nicht mit Hilfe der einfachen Filtersprache herausfiltern lassen, k\u00f6nnen Sie sogenannte \u201eregul\u00e4re Ausdr\u00fccke\u201c verwenden um den Filter nochmals zu verfeinern. Somit k\u00f6nnen Sie alle Fremdbarcodes ignorieren.<\/p>\n<p>In der einfachen Filtersprache k\u00f6nnen als Platzhalter folgende Zeichen verwendet werden:<\/p>\n<ul>\n<li><strong>?<\/strong>, ein beliebiges, einzelnes Zeichen<\/li>\n<li><strong>*<\/strong>, beliebig viele Zeichen<\/li>\n<\/ul>\n<p>und um mehrere Filter zu definieren, k\u00f6nnen diese mit dem\u00a0\u201e<strong>|\u201c<\/strong>-Zeichen separiert werden.<\/p>\n<p>[\/et_pb_text][et_pb_text admin_label=&#8220;Beispiele&#8220; background_layout=&#8220;light&#8220; text_orientation=&#8220;left&#8220;]<\/p>\n<h4>Beispiele<\/h4>\n<p><strong>Alle Rechnungen aus dem Jahr 2012<\/strong><br \/>\nRE-12*<\/p>\n<p><strong>Alle Rechnungen aus den Jahren 2012, 2013, 2014<\/strong><br \/>\nRE-12*|RE-13*|RE-13*<\/p>\n<p><strong>Alle Barcodes, die mit BELEG beginnen und an der 7. Stelle eine 6 steht sowie beliebig viele Zeichen nach der 6 vorkommen<\/strong><br \/>\nBELEG?6*<\/p>\n<p>&nbsp;<\/p>\n<p>Zudem k\u00f6nnen Sie nicht nur nach dem Inhalt eines Barcodes filtern, sondern auch nach dessen Barcode-Typ (Code 39), der Ausrichtung (Links nach rechts) innerhalb der Seite und einem Bereich (Obere H\u00e4lfte der Seite) innerhalb der Seite.<\/p>\n<p>[\/et_pb_text][\/et_pb_column_inner][\/et_pb_row_inner][\/et_pb_column][et_pb_column type=&#8220;1_4&#8243;][et_pb_sidebar admin_label=&#8220;Sidebar&#8220; orientation=&#8220;right&#8220; area=&#8220;et_pb_widget_area_5&#8243; background_layout=&#8220;light&#8220; remove_border=&#8220;off&#8220; \/][\/et_pb_column][\/et_pb_section]<\/p>\n","protected":false},"excerpt":{"rendered":"<p>Fremdbarcodes ausschlie\u00dfen Eingescannte Dokumente k\u00f6nnen bereits Barcodes enthalten und so die Verarbeitung ungew\u00fcnscht ver\u00e4ndern. Um dies zu vermeiden, k\u00f6nnen Sie mit Hilfe einer Filterfunktion Fremdbarcodes ignorieren. Sollten Ihre Barcodes bspw. vom Typ Code 128 sein und bereits ein Barcode auf dem Dokument vom Typ Code 128 vorhanden sein, k\u00f6nnen Sie mithilfe eines Filters den Fremdbarcode [&hellip;]<\/p>\n","protected":false},"author":1,"featured_media":0,"parent":28,"menu_order":28,"comment_status":"open","ping_status":"open","template":"","meta":{"_et_pb_use_builder":"on","_et_pb_old_content":"","_et_gb_content_width":"","_monsterinsights_skip_tracking":false,"_monsterinsights_sitenote_active":false,"_monsterinsights_sitenote_note":"","_monsterinsights_sitenote_category":0,"footnotes":""},"class_list":["post-449","page","type-page","status-publish","hentry"],"_links":{"self":[{"href":"https:\/\/www.barcode-ocr.com\/de\/wp-json\/wp\/v2\/pages\/449","targetHints":{"allow":["GET"]}}],"collection":[{"href":"https:\/\/www.barcode-ocr.com\/de\/wp-json\/wp\/v2\/pages"}],"about":[{"href":"https:\/\/www.barcode-ocr.com\/de\/wp-json\/wp\/v2\/types\/page"}],"author":[{"embeddable":true,"href":"https:\/\/www.barcode-ocr.com\/de\/wp-json\/wp\/v2\/users\/1"}],"replies":[{"embeddable":true,"href":"https:\/\/www.barcode-ocr.com\/de\/wp-json\/wp\/v2\/comments?post=449"}],"version-history":[{"count":29,"href":"https:\/\/www.barcode-ocr.com\/de\/wp-json\/wp\/v2\/pages\/449\/revisions"}],"predecessor-version":[{"id":3336,"href":"https:\/\/www.barcode-ocr.com\/de\/wp-json\/wp\/v2\/pages\/449\/revisions\/3336"}],"up":[{"embeddable":true,"href":"https:\/\/www.barcode-ocr.com\/de\/wp-json\/wp\/v2\/pages\/28"}],"wp:attachment":[{"href":"https:\/\/www.barcode-ocr.com\/de\/wp-json\/wp\/v2\/media?parent=449"}],"curies":[{"name":"wp","href":"https:\/\/api.w.org\/{rel}","templated":true}]}}