{"id":474,"date":"2014-03-03T10:12:20","date_gmt":"2014-03-03T10:12:20","guid":{"rendered":"http:\/\/188.166.192.58\/?page_id=474"},"modified":"2017-08-10T12:35:45","modified_gmt":"2017-08-10T10:35:45","slug":"logs","status":"publish","type":"page","link":"https:\/\/www.barcode-ocr.com\/de\/funktionen\/logs\/","title":{"rendered":"Logs"},"content":{"rendered":"<p>[et_pb_section bb_built=&#8220;1&#8243; admin_label=&#8220;section&#8220; fullwidth=&#8220;on&#8220; background_color=&#8220;#62aeda&#8220; inner_shadow=&#8220;off&#8220; parallax=&#8220;on&#8220;][et_pb_fullwidth_header admin_label=&#8220;Fullwidth Header&#8220; title=&#8220;Logs&#8220; background_layout=&#8220;dark&#8220; text_orientation=&#8220;left&#8220; header_fullscreen=&#8220;off&#8220; header_scroll_down=&#8220;off&#8220; parallax=&#8220;off&#8220; parallax_method=&#8220;off&#8220; content_orientation=&#8220;center&#8220; image_orientation=&#8220;center&#8220; custom_button_one=&#8220;off&#8220; button_one_letter_spacing=&#8220;0&#8243; button_one_use_icon=&#8220;default&#8220; button_one_icon_placement=&#8220;right&#8220; button_one_on_hover=&#8220;on&#8220; button_one_letter_spacing_hover=&#8220;0&#8243; custom_button_two=&#8220;off&#8220; button_two_letter_spacing=&#8220;0&#8243; button_two_use_icon=&#8220;default&#8220; button_two_icon_placement=&#8220;right&#8220; button_two_on_hover=&#8220;on&#8220; button_two_letter_spacing_hover=&#8220;0&#8243; \/][\/et_pb_section][et_pb_section bb_built=&#8220;1&#8243; admin_label=&#8220;Section&#8220; fullwidth=&#8220;off&#8220; specialty=&#8220;on&#8220; template_type=&#8220;&#8220;][et_pb_column type=&#8220;3_4&#8243; specialty_columns=&#8220;3&#8243;][et_pb_row_inner admin_label=&#8220;Row&#8220;][et_pb_column_inner type=&#8220;4_4&#8243; saved_specialty_column_type=&#8220;3_4&#8243;][et_pb_text admin_label=&#8220;Text&#8220; background_layout=&#8220;light&#8220; text_orientation=&#8220;left&#8220; use_border_color=&#8220;off&#8220; border_color=&#8220;#ffffff&#8220; border_style=&#8220;solid&#8220;]<\/p>\n<h2>Verarbeitungshistorie im Blick<\/h2>\n<p>BarcodeOCR generiert Log-Dateien, die Sie mit einer Benutzeroberfl\u00e4che auswerten k\u00f6nnen. Sie k\u00f6nnen so nachvollziehen, welche Barcodes innerhalb eines Dokuments erkannt wurden, welche Filter angewandt wurden und welche zus\u00e4tzlichen Verarbeitungsschritte abgearbeitet wurden.<\/p>\n<p>[\/et_pb_text][et_pb_text admin_label=&#8220;Text&#8220; background_layout=&#8220;light&#8220; text_orientation=&#8220;left&#8220; use_border_color=&#8220;off&#8220; border_color=&#8220;#ffffff&#8220; border_style=&#8220;solid&#8220;]<\/p>\n<p>Das Log teilt sich in zwei Bereiche auf:<\/p>\n<ul>\n<li>Verarbeitungslog: Informationen zu der Verarbeitung<\/li>\n<li>Fehlerlog: Meldungen zu Fehlern<\/li>\n<\/ul>\n<p>Im Fehlerlog ist es m\u00f6glich nachzuvollziehen, warum eine Datei nicht korrekt verarbeitet wurde, bspw. weil der Filter die Barcodes in dem Dokument ausschlie\u00dft.<\/p>\n<p>[\/et_pb_text][\/et_pb_column_inner][\/et_pb_row_inner][\/et_pb_column][et_pb_column type=&#8220;1_4&#8243;][et_pb_sidebar admin_label=&#8220;Sidebar&#8220; orientation=&#8220;right&#8220; area=&#8220;et_pb_widget_area_5&#8243; background_layout=&#8220;light&#8220; remove_border=&#8220;off&#8220; \/][\/et_pb_column][\/et_pb_section]<\/p>\n","protected":false},"excerpt":{"rendered":"<p>Verarbeitungshistorie im Blick BarcodeOCR generiert Log-Dateien, die Sie mit einer Benutzeroberfl\u00e4che auswerten k\u00f6nnen. Sie k\u00f6nnen so nachvollziehen, welche Barcodes innerhalb eines Dokuments erkannt wurden, welche Filter angewandt wurden und welche zus\u00e4tzlichen Verarbeitungsschritte abgearbeitet wurden. Das Log teilt sich in zwei Bereiche auf: Verarbeitungslog: Informationen zu der Verarbeitung Fehlerlog: Meldungen zu Fehlern Im Fehlerlog ist es [&hellip;]<\/p>\n","protected":false},"author":1,"featured_media":0,"parent":28,"menu_order":26,"comment_status":"open","ping_status":"open","template":"","meta":{"_et_pb_use_builder":"on","_et_pb_old_content":"","_et_gb_content_width":"","_monsterinsights_skip_tracking":false,"_monsterinsights_sitenote_active":false,"_monsterinsights_sitenote_note":"","_monsterinsights_sitenote_category":0,"footnotes":""},"class_list":["post-474","page","type-page","status-publish","hentry"],"_links":{"self":[{"href":"https:\/\/www.barcode-ocr.com\/de\/wp-json\/wp\/v2\/pages\/474","targetHints":{"allow":["GET"]}}],"collection":[{"href":"https:\/\/www.barcode-ocr.com\/de\/wp-json\/wp\/v2\/pages"}],"about":[{"href":"https:\/\/www.barcode-ocr.com\/de\/wp-json\/wp\/v2\/types\/page"}],"author":[{"embeddable":true,"href":"https:\/\/www.barcode-ocr.com\/de\/wp-json\/wp\/v2\/users\/1"}],"replies":[{"embeddable":true,"href":"https:\/\/www.barcode-ocr.com\/de\/wp-json\/wp\/v2\/comments?post=474"}],"version-history":[{"count":7,"href":"https:\/\/www.barcode-ocr.com\/de\/wp-json\/wp\/v2\/pages\/474\/revisions"}],"predecessor-version":[{"id":3207,"href":"https:\/\/www.barcode-ocr.com\/de\/wp-json\/wp\/v2\/pages\/474\/revisions\/3207"}],"up":[{"embeddable":true,"href":"https:\/\/www.barcode-ocr.com\/de\/wp-json\/wp\/v2\/pages\/28"}],"wp:attachment":[{"href":"https:\/\/www.barcode-ocr.com\/de\/wp-json\/wp\/v2\/media?parent=474"}],"curies":[{"name":"wp","href":"https:\/\/api.w.org\/{rel}","templated":true}]}}