{"id":480,"date":"2014-03-03T10:16:13","date_gmt":"2014-03-03T10:16:13","guid":{"rendered":"http:\/\/188.166.192.58\/?page_id=480"},"modified":"2017-08-10T12:33:47","modified_gmt":"2017-08-10T10:33:47","slug":"barcodes","status":"publish","type":"page","link":"https:\/\/www.barcode-ocr.com\/de\/funktionen\/barcodes\/","title":{"rendered":"Barcodes"},"content":{"rendered":"<p>[et_pb_section bb_built=&#8220;1&#8243; admin_label=&#8220;section&#8220; fullwidth=&#8220;on&#8220; background_color=&#8220;#62aeda&#8220; inner_shadow=&#8220;off&#8220; parallax=&#8220;on&#8220;][et_pb_fullwidth_header admin_label=&#8220;Fullwidth Header&#8220; title=&#8220;Unterst\u00fctze Barcodes&#8220; background_layout=&#8220;dark&#8220; text_orientation=&#8220;left&#8220; header_fullscreen=&#8220;off&#8220; header_scroll_down=&#8220;off&#8220; parallax=&#8220;off&#8220; parallax_method=&#8220;off&#8220; content_orientation=&#8220;center&#8220; image_orientation=&#8220;center&#8220; custom_button_one=&#8220;off&#8220; button_one_letter_spacing=&#8220;0&#8243; button_one_use_icon=&#8220;default&#8220; button_one_icon_placement=&#8220;right&#8220; button_one_on_hover=&#8220;on&#8220; button_one_letter_spacing_hover=&#8220;0&#8243; custom_button_two=&#8220;off&#8220; button_two_letter_spacing=&#8220;0&#8243; button_two_use_icon=&#8220;default&#8220; button_two_icon_placement=&#8220;right&#8220; button_two_on_hover=&#8220;on&#8220; button_two_letter_spacing_hover=&#8220;0&#8243; \/][\/et_pb_section][et_pb_section bb_built=&#8220;1&#8243; admin_label=&#8220;Section&#8220; fullwidth=&#8220;off&#8220; specialty=&#8220;on&#8220;][et_pb_column type=&#8220;3_4&#8243; specialty_columns=&#8220;3&#8243;][et_pb_row_inner admin_label=&#8220;Row&#8220;][et_pb_column_inner type=&#8220;4_4&#8243; saved_specialty_column_type=&#8220;3_4&#8243;][et_pb_text admin_label=&#8220;Text&#8220; background_layout=&#8220;light&#8220; text_orientation=&#8220;left&#8220; use_border_color=&#8220;off&#8220; border_color=&#8220;#ffffff&#8220; border_style=&#8220;solid&#8220;]<\/p>\n<h2>Mit Hilfe von Barcodes eine garantiert hohe Erkennungsrate<\/h2>\n<p>Unterst\u00fctzt werden 1-dimensionale, 2-dimensionale Barcodes und auch postalische Barcodes. Der Unterschied liegt hierbei unter anderem auf dem Platzbedarf der notwendig ist, um die gew\u00fcnschten Informationen in einen Barcode zu verschl\u00fcsseln. Folgende Barcodes zeigen einen Code 128 Barcode sowie einem QR-Code. Beide Barcodes beinhalten die gleichen Zeichen, sind jedoch unterschiedlich gro\u00df:<\/p>\n<p>[\/et_pb_text][et_pb_image admin_label=&#8220;Image&#8220; src=&#8220;\/static\/images\/faq\/barcode-compare.png&#8220; url_new_window=&#8220;off&#8220; animation=&#8220;left&#8220; \/][et_pb_text admin_label=&#8220;Text unter Bild&#8220; background_layout=&#8220;light&#8220; text_orientation=&#8220;left&#8220; use_border_color=&#8220;off&#8220; border_color=&#8220;#ffffff&#8220; border_style=&#8220;solid&#8220;]<\/p>\n<p>Barcodes sind im Gegensatz zu Texterkennung und der Handschriftenerkennung bedeutend besser durch Maschinen zu lesen und zu interpretieren, weshalb eine bessere Erkennungsrate erreicht wird. Je nach Dokumenten- und Scannerqualit\u00e4t ist eine Leserate von \u00fcber 99% m\u00f6glich.<\/p>\n<p>BarcodeOCR unterst\u00fctzt folgende Barcode-Typen:<\/p>\n<p>[\/et_pb_text][\/et_pb_column_inner][\/et_pb_row_inner][et_pb_row_inner admin_label=&#8220;Row&#8220;][et_pb_column_inner type=&#8220;1_3&#8243; saved_specialty_column_type=&#8220;3_4&#8243;][et_pb_text admin_label=&#8220;Text&#8220; background_layout=&#8220;light&#8220; text_orientation=&#8220;left&#8220; use_border_color=&#8220;off&#8220; border_color=&#8220;#ffffff&#8220; border_style=&#8220;solid&#8220;]<\/p>\n<h3>1-dimensionale<\/h3>\n<ul>\n<li>Code 11<\/li>\n<li>Code 39<\/li>\n<li>Code 39 Extended<\/li>\n<li>Code 93<\/li>\n<li>Code 128<\/li>\n<li>Codabar<\/li>\n<li>Inter 2 of 5<\/li>\n<li>Patch Code<\/li>\n<li>EAN 13<\/li>\n<li>EAN 8<\/li>\n<li>UPC-A<\/li>\n<li>UPC-E<\/li>\n<li>Add2<\/li>\n<li>Add5<\/li>\n<li>Pharmacode<\/li>\n<\/ul>\n<p>[\/et_pb_text][\/et_pb_column_inner][et_pb_column_inner type=&#8220;1_3&#8243; saved_specialty_column_type=&#8220;3_4&#8243;][et_pb_text admin_label=&#8220;Text&#8220; background_layout=&#8220;light&#8220; text_orientation=&#8220;left&#8220; use_border_color=&#8220;off&#8220; border_color=&#8220;#ffffff&#8220; border_style=&#8220;solid&#8220;]<\/p>\n<h3>2-dimensionale<\/h3>\n<ul>\n<li>PDF 417<\/li>\n<li>DataMatrix<\/li>\n<li>QRCode<\/li>\n<li>Micro QR-Code<\/li>\n<\/ul>\n<p>[\/et_pb_text][\/et_pb_column_inner][et_pb_column_inner type=&#8220;1_3&#8243; saved_specialty_column_type=&#8220;3_4&#8243;][et_pb_text admin_label=&#8220;Text&#8220; background_layout=&#8220;light&#8220; text_orientation=&#8220;left&#8220; use_border_color=&#8220;off&#8220; border_color=&#8220;#ffffff&#8220; border_style=&#8220;solid&#8220;]<\/p>\n<h3>Postal<\/h3>\n<ul>\n<li>PostNet<\/li>\n<li>RM4SCC<\/li>\n<li>Planet<\/li>\n<li>Australia Post<\/li>\n<li>Intelligent Mail<\/li>\n<\/ul>\n<p>[\/et_pb_text][\/et_pb_column_inner][\/et_pb_row_inner][\/et_pb_column][et_pb_column type=&#8220;1_4&#8243;][et_pb_sidebar admin_label=&#8220;Sidebar&#8220; orientation=&#8220;right&#8220; area=&#8220;et_pb_widget_area_5&#8243; background_layout=&#8220;light&#8220; remove_border=&#8220;off&#8220; \/][\/et_pb_column][\/et_pb_section]<\/p>\n","protected":false},"excerpt":{"rendered":"<p>Mit Hilfe von Barcodes eine garantiert hohe Erkennungsrate Unterst\u00fctzt werden 1-dimensionale, 2-dimensionale Barcodes und auch postalische Barcodes. Der Unterschied liegt hierbei unter anderem auf dem Platzbedarf der notwendig ist, um die gew\u00fcnschten Informationen in einen Barcode zu verschl\u00fcsseln. Folgende Barcodes zeigen einen Code 128 Barcode sowie einem QR-Code. Beide Barcodes beinhalten die gleichen Zeichen, sind [&hellip;]<\/p>\n","protected":false},"author":1,"featured_media":0,"parent":28,"menu_order":25,"comment_status":"open","ping_status":"open","template":"","meta":{"_et_pb_use_builder":"on","_et_pb_old_content":"","_et_gb_content_width":"","_monsterinsights_skip_tracking":false,"_monsterinsights_sitenote_active":false,"_monsterinsights_sitenote_note":"","_monsterinsights_sitenote_category":0,"footnotes":""},"class_list":["post-480","page","type-page","status-publish","hentry"],"_links":{"self":[{"href":"https:\/\/www.barcode-ocr.com\/de\/wp-json\/wp\/v2\/pages\/480","targetHints":{"allow":["GET"]}}],"collection":[{"href":"https:\/\/www.barcode-ocr.com\/de\/wp-json\/wp\/v2\/pages"}],"about":[{"href":"https:\/\/www.barcode-ocr.com\/de\/wp-json\/wp\/v2\/types\/page"}],"author":[{"embeddable":true,"href":"https:\/\/www.barcode-ocr.com\/de\/wp-json\/wp\/v2\/users\/1"}],"replies":[{"embeddable":true,"href":"https:\/\/www.barcode-ocr.com\/de\/wp-json\/wp\/v2\/comments?post=480"}],"version-history":[{"count":8,"href":"https:\/\/www.barcode-ocr.com\/de\/wp-json\/wp\/v2\/pages\/480\/revisions"}],"predecessor-version":[{"id":3205,"href":"https:\/\/www.barcode-ocr.com\/de\/wp-json\/wp\/v2\/pages\/480\/revisions\/3205"}],"up":[{"embeddable":true,"href":"https:\/\/www.barcode-ocr.com\/de\/wp-json\/wp\/v2\/pages\/28"}],"wp:attachment":[{"href":"https:\/\/www.barcode-ocr.com\/de\/wp-json\/wp\/v2\/media?parent=480"}],"curies":[{"name":"wp","href":"https:\/\/api.w.org\/{rel}","templated":true}]}}