{"id":493,"date":"2014-03-03T10:49:03","date_gmt":"2014-03-03T10:49:03","guid":{"rendered":"http:\/\/188.166.192.58\/?page_id=493"},"modified":"2017-08-10T12:24:10","modified_gmt":"2017-08-10T10:24:10","slug":"verschluesselung","status":"publish","type":"page","link":"https:\/\/www.barcode-ocr.com\/de\/funktionen\/verschluesselung\/","title":{"rendered":"Verschl\u00fcsselung"},"content":{"rendered":"<p>[et_pb_section bb_built=&#8220;1&#8243; admin_label=&#8220;section&#8220; fullwidth=&#8220;on&#8220; background_color=&#8220;#62aeda&#8220; inner_shadow=&#8220;off&#8220; parallax=&#8220;on&#8220;][et_pb_fullwidth_header admin_label=&#8220;Fullwidth Header&#8220; title=&#8220;Verschl\u00fcsselung&#8220; background_layout=&#8220;dark&#8220; text_orientation=&#8220;left&#8220; header_fullscreen=&#8220;off&#8220; header_scroll_down=&#8220;off&#8220; parallax=&#8220;off&#8220; parallax_method=&#8220;off&#8220; content_orientation=&#8220;center&#8220; image_orientation=&#8220;center&#8220; custom_button_one=&#8220;off&#8220; button_one_letter_spacing=&#8220;0&#8243; button_one_use_icon=&#8220;default&#8220; button_one_icon_placement=&#8220;right&#8220; button_one_on_hover=&#8220;on&#8220; button_one_letter_spacing_hover=&#8220;0&#8243; custom_button_two=&#8220;off&#8220; button_two_letter_spacing=&#8220;0&#8243; button_two_use_icon=&#8220;default&#8220; button_two_icon_placement=&#8220;right&#8220; button_two_on_hover=&#8220;on&#8220; button_two_letter_spacing_hover=&#8220;0&#8243; \/][\/et_pb_section][et_pb_section bb_built=&#8220;1&#8243; admin_label=&#8220;Section&#8220; fullwidth=&#8220;off&#8220; specialty=&#8220;on&#8220;][et_pb_column type=&#8220;3_4&#8243; specialty_columns=&#8220;3&#8243;][et_pb_row_inner admin_label=&#8220;Row&#8220;][et_pb_column_inner type=&#8220;4_4&#8243; saved_specialty_column_type=&#8220;3_4&#8243;][et_pb_text admin_label=&#8220;Ueberschrift&#8220; background_layout=&#8220;light&#8220; text_orientation=&#8220;left&#8220; use_border_color=&#8220;off&#8220; border_color=&#8220;#ffffff&#8220; border_style=&#8220;solid&#8220;]<\/p>\n<h2>Dokumente vor unbefugtem Zugriff sch\u00fctzen<\/h2>\n<p>Wenn Sie vertrauliche Dokumente verarbeiten (bspw. Patienteninformationen), m\u00f6chten Sie sicherstellen, dass diese vor unerlaubtem Zugriff gesch\u00fctzt sind. Eine M\u00f6glichkeit hierzu ist die PDF-Verschl\u00fcsselung, welche BarcodeOCR unterst\u00fctzt.<\/p>\n<p>[\/et_pb_text][et_pb_text admin_label=&#8220;Info bis Mobilger\u00e4t&#8220; background_layout=&#8220;light&#8220; text_orientation=&#8220;left&#8220; use_border_color=&#8220;off&#8220; border_color=&#8220;#ffffff&#8220; border_style=&#8220;solid&#8220;]<\/p>\n<p>Bei dieser Verschl\u00fcsselung werden Ihre Dokumente mit einem von Ihnen definierten Kennwort verschl\u00fcsselt. Um das Dokument zu \u00f6ffnen muss Ihnen das Kennwort bekannt sein.<\/p>\n<p>Hierbei arbeitet BarcodeOCR kompatibel zu allen g\u00e4ngigen <strong>PDF-Viewern sowie Mobilger\u00e4ten<\/strong>, sodass die Dokumente auf allen Ger\u00e4ten mit dem definierten Kennwort ge\u00f6ffnet werden kann.<\/p>\n<p>Sie sch\u00fctzen Dokumente mit einem frei definierbaren Kennwort auf zwei Ebenen:<\/p>\n<ul>\n<li>Ein Kennwort zum \u00d6ffnen der Datei im Lesemodus<\/li>\n<li>Ein weiteres Kennwort zum \u00d6ffnen der Datei mit Ver\u00e4nderungsrechten<\/li>\n<\/ul>\n<p>Sie k\u00f6nnen die Kennw\u00f6rter pro Konfiguration definieren und Dokumente werden automatisch sicher verschl\u00fcsselt und in Ihrem Dateisystem abgelegt. Somit k\u00f6nnen Sie bspw. nur Ihre vertraulichen Steuerunterlagen verschl\u00fcsseln, Nachweise in einer anderen Konfiguration jedoch nicht.<\/p>\n<p>Ihre Dokumente werden sicher mit dem AES-256 Algorithmus verschl\u00fcsselt.<\/p>\n<p>[\/et_pb_text][\/et_pb_column_inner][\/et_pb_row_inner][\/et_pb_column][et_pb_column type=&#8220;1_4&#8243;][et_pb_sidebar admin_label=&#8220;Sidebar&#8220; orientation=&#8220;right&#8220; area=&#8220;et_pb_widget_area_5&#8243; background_layout=&#8220;light&#8220; remove_border=&#8220;off&#8220; \/][\/et_pb_column][\/et_pb_section]<\/p>\n","protected":false},"excerpt":{"rendered":"<p>Dokumente vor unbefugtem Zugriff sch\u00fctzen Wenn Sie vertrauliche Dokumente verarbeiten (bspw. Patienteninformationen), m\u00f6chten Sie sicherstellen, dass diese vor unerlaubtem Zugriff gesch\u00fctzt sind. Eine M\u00f6glichkeit hierzu ist die PDF-Verschl\u00fcsselung, welche BarcodeOCR unterst\u00fctzt. Bei dieser Verschl\u00fcsselung werden Ihre Dokumente mit einem von Ihnen definierten Kennwort verschl\u00fcsselt. Um das Dokument zu \u00f6ffnen muss Ihnen das Kennwort bekannt sein. [&hellip;]<\/p>\n","protected":false},"author":1,"featured_media":0,"parent":28,"menu_order":23,"comment_status":"open","ping_status":"open","template":"","meta":{"_et_pb_use_builder":"on","_et_pb_old_content":"","_et_gb_content_width":"","_monsterinsights_skip_tracking":false,"_monsterinsights_sitenote_active":false,"_monsterinsights_sitenote_note":"","_monsterinsights_sitenote_category":0,"footnotes":""},"class_list":["post-493","page","type-page","status-publish","hentry"],"_links":{"self":[{"href":"https:\/\/www.barcode-ocr.com\/de\/wp-json\/wp\/v2\/pages\/493","targetHints":{"allow":["GET"]}}],"collection":[{"href":"https:\/\/www.barcode-ocr.com\/de\/wp-json\/wp\/v2\/pages"}],"about":[{"href":"https:\/\/www.barcode-ocr.com\/de\/wp-json\/wp\/v2\/types\/page"}],"author":[{"embeddable":true,"href":"https:\/\/www.barcode-ocr.com\/de\/wp-json\/wp\/v2\/users\/1"}],"replies":[{"embeddable":true,"href":"https:\/\/www.barcode-ocr.com\/de\/wp-json\/wp\/v2\/comments?post=493"}],"version-history":[{"count":17,"href":"https:\/\/www.barcode-ocr.com\/de\/wp-json\/wp\/v2\/pages\/493\/revisions"}],"predecessor-version":[{"id":3203,"href":"https:\/\/www.barcode-ocr.com\/de\/wp-json\/wp\/v2\/pages\/493\/revisions\/3203"}],"up":[{"embeddable":true,"href":"https:\/\/www.barcode-ocr.com\/de\/wp-json\/wp\/v2\/pages\/28"}],"wp:attachment":[{"href":"https:\/\/www.barcode-ocr.com\/de\/wp-json\/wp\/v2\/media?parent=493"}],"curies":[{"name":"wp","href":"https:\/\/api.w.org\/{rel}","templated":true}]}}