{"id":500,"date":"2014-03-03T11:03:35","date_gmt":"2014-03-03T11:03:35","guid":{"rendered":"http:\/\/188.166.192.58\/?page_id=500"},"modified":"2017-08-10T12:22:26","modified_gmt":"2017-08-10T10:22:26","slug":"digitale-signatur","status":"publish","type":"page","link":"https:\/\/www.barcode-ocr.com\/de\/funktionen\/digitale-signatur\/","title":{"rendered":"Digitale Signatur"},"content":{"rendered":"<p>[et_pb_section bb_built=&#8220;1&#8243; admin_label=&#8220;section&#8220; fullwidth=&#8220;on&#8220; background_color=&#8220;#62aeda&#8220; inner_shadow=&#8220;off&#8220; parallax=&#8220;on&#8220;][et_pb_fullwidth_header admin_label=&#8220;Fullwidth Header&#8220; title=&#8220;Digitale Signatur&#8220; background_layout=&#8220;dark&#8220; text_orientation=&#8220;left&#8220; header_fullscreen=&#8220;off&#8220; header_scroll_down=&#8220;off&#8220; parallax=&#8220;off&#8220; parallax_method=&#8220;off&#8220; content_orientation=&#8220;center&#8220; image_orientation=&#8220;center&#8220; custom_button_one=&#8220;off&#8220; button_one_letter_spacing=&#8220;0&#8243; button_one_use_icon=&#8220;default&#8220; button_one_icon_placement=&#8220;right&#8220; button_one_on_hover=&#8220;on&#8220; button_one_letter_spacing_hover=&#8220;0&#8243; custom_button_two=&#8220;off&#8220; button_two_letter_spacing=&#8220;0&#8243; button_two_use_icon=&#8220;default&#8220; button_two_icon_placement=&#8220;right&#8220; button_two_on_hover=&#8220;on&#8220; button_two_letter_spacing_hover=&#8220;0&#8243; \/][\/et_pb_section][et_pb_section bb_built=&#8220;1&#8243; admin_label=&#8220;Section&#8220; fullwidth=&#8220;off&#8220; specialty=&#8220;on&#8220;][et_pb_column type=&#8220;3_4&#8243; specialty_columns=&#8220;3&#8243;][et_pb_row_inner admin_label=&#8220;Row&#8220;][et_pb_column_inner type=&#8220;4_4&#8243; saved_specialty_column_type=&#8220;3_4&#8243;][et_pb_text admin_label=&#8220;Ueberschrift&#8220; background_layout=&#8220;light&#8220; text_orientation=&#8220;left&#8220; use_border_color=&#8220;off&#8220; border_color=&#8220;#ffffff&#8220; border_style=&#8220;solid&#8220;]<\/p>\n<h2>Sicherung gegen nachtr\u00e4gliche Modifikation<\/h2>\n<p>Digitale Dokumente k\u00f6nnen schnell und einfach ver\u00e4ndert werden. Hierbei ist es nicht immer erkennbar, ob ein Dokument im Nachhinein ver\u00e4ndert wurde oder nicht.<\/p>\n<p>[\/et_pb_text][et_pb_text admin_label=&#8220;Erkl\u00e4rung bis eingesehen werden&#8220; background_layout=&#8220;light&#8220; text_orientation=&#8220;left&#8220; use_border_color=&#8220;off&#8220; border_color=&#8220;#ffffff&#8220; border_style=&#8220;solid&#8220;]<\/p>\n<p>BarcodeOCR bietet mit der digitalen Signatur von PDF-Dokumenten die M\u00f6glichkeit, die Dokumente mit einem Siegel zu versehen. Wenn Dokumente mit einer digitalen Signatur ver\u00e4ndert werden, wird das Siegel gebrochen und der Benutzer erh\u00e4lt eine Benachrichtigung beim \u00d6ffnen der Datei, dass die Datei ver\u00e4ndert wurde. Der Originalzustand der Datei kann anschlie\u00dfend eingesehen werden.<\/p>\n<p>[\/et_pb_text][et_pb_image admin_label=&#8220;Image&#8220; src=&#8220;\/static\/images\/pdfa-adobereader-de.png&#8220; url_new_window=&#8220;off&#8220; animation=&#8220;left&#8220; \/][et_pb_text admin_label=&#8220;Text&#8220; background_layout=&#8220;light&#8220; text_orientation=&#8220;left&#8220;]<\/p>\n<p>F\u00fcr den Schutz von PDF-Dateien stehen mit BarcodeOCR zwei m\u00f6gliche Signaturen zur Verf\u00fcgung:<\/p>\n<ul>\n<li>die digitale Signatur<\/li>\n<li>die digitale Zertifizierung eines Dokuments<\/li>\n<\/ul>\n<p>Die digitale Signatur bietet die M\u00f6glichkeit, Dokumente mehrfach zu signieren. Ver\u00e4nderungen an den Dateien k\u00f6nnen so abgezeichnet werden. Dies ist bspw. n\u00fctzlich, um einen<strong> Freigabe-Workflow abzubilden<\/strong>, bei dem einzelne Personen das Dokument ver\u00e4ndern und im Unternehmen weitergeben. <strong>\u00c4nderungen k\u00f6nnen so nachvollzogen und auch best\u00e4tigt werden.<\/strong><\/p>\n<p>Sollte dies nicht gew\u00fcnscht sein, bietet BarcodeOCR alternativ die M\u00f6glichkeit, das Dokument <strong>digital zu zertifizieren<\/strong>. Hierbei wird das Dokument<strong> gegen jegliche \u00c4nderungen gesch\u00fctzt<\/strong> und kann nicht mehr nachtr\u00e4glich ver\u00e4ndert werden. Diese Option bietet sich an, vertrauliche Informationen <strong>sicher zu archivieren<\/strong>, da diese nachtr\u00e4glich nicht ver\u00e4ndert werden k\u00f6nnen.<\/p>\n<p>Hierzu verwendet BarcodeOCR spezielle Zertifikate, die auch beim sicheren E-Mail-Versand verwendet werden. F\u00fcr Testzwecke bietet BarcodeOCR die Option, mit nur einem Klick ein entsprechendes Testzertifikat zu erstellen und die Funktion zu testen.<\/p>\n<p>Die Option, Dokumente zu signieren oder zu zertifizieren kann, wie alle anderen Optionen, bei BarcodeOCR <strong>pro Konfiguration<\/strong> festgelegt werden.<\/p>\n<p>[\/et_pb_text][\/et_pb_column_inner][\/et_pb_row_inner][\/et_pb_column][et_pb_column type=&#8220;1_4&#8243;][et_pb_sidebar admin_label=&#8220;Sidebar&#8220; orientation=&#8220;right&#8220; area=&#8220;et_pb_widget_area_5&#8243; background_layout=&#8220;light&#8220; remove_border=&#8220;off&#8220; \/][\/et_pb_column][\/et_pb_section]<\/p>\n","protected":false},"excerpt":{"rendered":"<p>Sicherung gegen nachtr\u00e4gliche Modifikation Digitale Dokumente k\u00f6nnen schnell und einfach ver\u00e4ndert werden. Hierbei ist es nicht immer erkennbar, ob ein Dokument im Nachhinein ver\u00e4ndert wurde oder nicht. BarcodeOCR bietet mit der digitalen Signatur von PDF-Dokumenten die M\u00f6glichkeit, die Dokumente mit einem Siegel zu versehen. Wenn Dokumente mit einer digitalen Signatur ver\u00e4ndert werden, wird das Siegel [&hellip;]<\/p>\n","protected":false},"author":1,"featured_media":0,"parent":28,"menu_order":22,"comment_status":"open","ping_status":"open","template":"","meta":{"_et_pb_use_builder":"on","_et_pb_old_content":"","_et_gb_content_width":"","_monsterinsights_skip_tracking":false,"_monsterinsights_sitenote_active":false,"_monsterinsights_sitenote_note":"","_monsterinsights_sitenote_category":0,"footnotes":""},"class_list":["post-500","page","type-page","status-publish","hentry"],"_links":{"self":[{"href":"https:\/\/www.barcode-ocr.com\/de\/wp-json\/wp\/v2\/pages\/500","targetHints":{"allow":["GET"]}}],"collection":[{"href":"https:\/\/www.barcode-ocr.com\/de\/wp-json\/wp\/v2\/pages"}],"about":[{"href":"https:\/\/www.barcode-ocr.com\/de\/wp-json\/wp\/v2\/types\/page"}],"author":[{"embeddable":true,"href":"https:\/\/www.barcode-ocr.com\/de\/wp-json\/wp\/v2\/users\/1"}],"replies":[{"embeddable":true,"href":"https:\/\/www.barcode-ocr.com\/de\/wp-json\/wp\/v2\/comments?post=500"}],"version-history":[{"count":15,"href":"https:\/\/www.barcode-ocr.com\/de\/wp-json\/wp\/v2\/pages\/500\/revisions"}],"predecessor-version":[{"id":3202,"href":"https:\/\/www.barcode-ocr.com\/de\/wp-json\/wp\/v2\/pages\/500\/revisions\/3202"}],"up":[{"embeddable":true,"href":"https:\/\/www.barcode-ocr.com\/de\/wp-json\/wp\/v2\/pages\/28"}],"wp:attachment":[{"href":"https:\/\/www.barcode-ocr.com\/de\/wp-json\/wp\/v2\/media?parent=500"}],"curies":[{"name":"wp","href":"https:\/\/api.w.org\/{rel}","templated":true}]}}